{"id":64,"date":"2025-01-21T13:17:19","date_gmt":"2025-01-21T13:17:19","guid":{"rendered":"http:\/\/www.esnafcicek.com\/?page_id=64"},"modified":"2025-01-21T13:21:58","modified_gmt":"2025-01-21T13:21:58","slug":"esnaf-odalari","status":"publish","type":"page","link":"http:\/\/www.esnafcicek.com\/?page_id=64","title":{"rendered":"Esnaf Odalar\u0131"},"content":{"rendered":"\n<p><strong>Esnaf ve Sanatkarlar Odalar\u0131 Birli\u011fi ile \u0130\u015f Birli\u011fimiz<\/strong><\/p>\n\n\n\n<p>Yerel i\u015fletmelerin g\u00fc\u00e7lenmesi ve dijital d\u00f6n\u00fc\u015f\u00fcm s\u00fcre\u00e7lerine dahil olmalar\u0131 i\u00e7in, Esnaf ve Sanatkarlar Odalar\u0131 Birlikleri ile g\u00fc\u00e7l\u00fc bir i\u015f birli\u011fi kurduk. Bu protokollerle, k\u00fc\u00e7\u00fck ve orta \u00f6l\u00e7ekli i\u015fletmelerin dijital d\u00fcnyada rekabet\u00e7i bir konuma ula\u015fmalar\u0131n\u0131 sa\u011flamak amac\u0131yla \u00f6nemli ad\u0131mlar at\u0131yoruz.<\/p>\n\n\n\n<p>Protokollerimiz, esnafa \u00f6zel avantajlar sunan dijital platformlar\u0131m\u0131z\u0131n tan\u0131t\u0131m\u0131n\u0131 ve kullan\u0131m\u0131n\u0131 desteklerken, yerel i\u015fletmelerin hem m\u00fc\u015fteri tabanlar\u0131n\u0131 geni\u015fletmelerine hem de teknolojiden daha fazla faydalanmalar\u0131na olanak tan\u0131yor. \u0130\u015f birliklerimiz kapsam\u0131nda:<\/p>\n\n\n\n<p>Esnaf\u0131n y\u00fcksek komisyon y\u00fcklerinden kurtulmas\u0131n\u0131 sa\u011flayacak \u00e7\u00f6z\u00fcmler geli\u015ftirdik.<\/p>\n\n\n\n<p>Yerel i\u015fletmelerin daha fazla g\u00f6r\u00fcn\u00fcrl\u00fck kazanmas\u0131 i\u00e7in dijital pazarlama destekleri sunduk.<\/p>\n\n\n\n<p>E\u011fitim ve bilgilendirme \u00e7al\u0131\u015fmalar\u0131yla esnaf\u0131n dijitalle\u015fme s\u00fcrecine uyum sa\u011flamas\u0131na yard\u0131mc\u0131 olduk.<\/p>\n\n\n\n<p>Bu i\u015f birlikleri, hem yerel ekonominin geli\u015fmesine katk\u0131da bulunmakta hem de esnaflar\u0131n dijitalle\u015fme yolculu\u011funu h\u0131zland\u0131rmaktad\u0131r. Esnaf ve Sanatkarlar Odalar\u0131 Birlikleri ile birlikte y\u00fcr\u00fctt\u00fc\u011f\u00fcm\u00fcz bu \u00e7al\u0131\u015fmalar, daha g\u00fc\u00e7l\u00fc bir yerel ekonomi olu\u015fturma hedefimizi ger\u00e7ekle\u015ftirme yolunda \u00f6nemli bir ad\u0131md\u0131r.<\/p>\n\n\n\n<p>Bizimle i\u015f birli\u011fi yapan t\u00fcm birliklere te\u015fekk\u00fcr eder, birlikte daha b\u00fcy\u00fck ba\u015far\u0131lara imza atmay\u0131 hedefledi\u011fimizi belirtmek isteriz.<\/p>\n\n\n\n<p><strong>\u0130\u015f Birli\u011fi Protokol\u00fc \u0130mzalanan Birlik Ba\u015fkanl\u0131klar\u0131;<\/strong><\/p>\n\n\n\n<p>\u0130zmir Esnaf ve Sanatkarlar Odalar\u0131 Birli\u011fi<br>Manisa Esnaf ve Sanatkarlar Odalar\u0131 Birli\u011fi<br>Denizli Esnaf ve Sanatkarlar Odalar\u0131 Birli\u011fi<br>Bal\u0131kesir Esnaf ve Sanatkarlar Odalar\u0131 Birli\u011fi<br><\/p>\n\n\n\n<p><strong>Y\u00f6netim Kurulu Onay\u0131nda Bekleyenler;<\/strong><\/p>\n\n\n\n<p>\u00c7anakkale Esnaf ve Sanatkarlar Odalar\u0131 Birli\u011fi<br>Edirne Esnaf ve Sanatkarlar Odalar\u0131 Birli\u011fi<br>K\u0131rklareli Esnaf ve Sanatkarlar Odalar\u0131 Birli\u011fi<br>L\u00fcleburgaz Esnaf ve Sanatkarlar Odalar\u0131 <br>Tekirda\u011f Esnaf ve Sanatkarlar Odalar\u0131 Birli\u011fi<br>Bursa Esnaf ve Sanatkarlar Odalar\u0131 Birli\u011fi<\/p>\n\n\n\n<p><\/p>\n","protected":false},"excerpt":{"rendered":"<p>Esnaf ve Sanatkarlar Odalar\u0131 Birli\u011fi ile \u0130\u015f Birli\u011fimiz Yerel i\u015fletmelerin g\u00fc\u00e7lenmesi ve dijital d\u00f6n\u00fc\u015f\u00fcm s\u00fcre\u00e7lerine dahil olmalar\u0131 i\u00e7in, Esnaf ve Sanatkarlar Odalar\u0131 Birlikleri ile g\u00fc\u00e7l\u00fc bir i\u015f birli\u011fi kurduk. Bu protokollerle, k\u00fc\u00e7\u00fck ve orta \u00f6l\u00e7ekli i\u015fletmelerin dijital d\u00fcnyada rekabet\u00e7i bir konuma ula\u015fmalar\u0131n\u0131 sa\u011flamak amac\u0131yla \u00f6nemli ad\u0131mlar at\u0131yoruz. Protokollerimiz, esnafa \u00f6zel avantajlar sunan dijital platformlar\u0131m\u0131z\u0131n tan\u0131t\u0131m\u0131n\u0131 [&hellip;]<\/p>\n","protected":false},"author":1,"featured_media":0,"parent":0,"menu_order":0,"comment_status":"closed","ping_status":"closed","template":"","meta":{"footnotes":""},"class_list":["post-64","page","type-page","status-publish","hentry"],"_links":{"self":[{"href":"http:\/\/www.esnafcicek.com\/index.php?rest_route=\/wp\/v2\/pages\/64","targetHints":{"allow":["GET"]}}],"collection":[{"href":"http:\/\/www.esnafcicek.com\/index.php?rest_route=\/wp\/v2\/pages"}],"about":[{"href":"http:\/\/www.esnafcicek.com\/index.php?rest_route=\/wp\/v2\/types\/page"}],"author":[{"embeddable":true,"href":"http:\/\/www.esnafcicek.com\/index.php?rest_route=\/wp\/v2\/users\/1"}],"replies":[{"embeddable":true,"href":"http:\/\/www.esnafcicek.com\/index.php?rest_route=%2Fwp%2Fv2%2Fcomments&post=64"}],"version-history":[{"count":3,"href":"http:\/\/www.esnafcicek.com\/index.php?rest_route=\/wp\/v2\/pages\/64\/revisions"}],"predecessor-version":[{"id":67,"href":"http:\/\/www.esnafcicek.com\/index.php?rest_route=\/wp\/v2\/pages\/64\/revisions\/67"}],"wp:attachment":[{"href":"http:\/\/www.esnafcicek.com\/index.php?rest_route=%2Fwp%2Fv2%2Fmedia&parent=64"}],"curies":[{"name":"wp","href":"https:\/\/api.w.org\/{rel}","templated":true}]}}