{"id":61,"date":"2025-01-21T13:14:39","date_gmt":"2025-01-21T13:14:39","guid":{"rendered":"http:\/\/www.esnafcicek.com\/?page_id=61"},"modified":"2025-01-21T13:14:39","modified_gmt":"2025-01-21T13:14:39","slug":"hizmetlerimiz","status":"publish","type":"page","link":"http:\/\/www.esnafcicek.com\/?page_id=61","title":{"rendered":"Hizmetlerimiz"},"content":{"rendered":"\n<p><strong>Hizmetlerimiz<\/strong><\/p>\n\n\n\n<p>\u015eirketimiz, farkl\u0131 sekt\u00f6rlerde dijital d\u00f6n\u00fc\u015f\u00fcm sa\u011flayarak i\u015fletmelere de\u011fer katan \u00e7\u00f6z\u00fcmler sunmaktad\u0131r. Faaliyet g\u00f6sterdi\u011fimiz d\u00f6rt ana sekt\u00f6rdeki hizmetlerimiz:<\/p>\n\n\n\n<p><strong>Esnaf Pazar (Al\u0131\u015fveri\u015f Sekt\u00f6r\u00fc)<\/strong><\/p>\n\n\n\n<p>Esnaf Pazar, k\u00fc\u00e7\u00fck ve orta \u00f6l\u00e7ekli i\u015fletmelerin \u00fcr\u00fcnlerini dijital ortamda geni\u015f bir m\u00fc\u015fteri kitlesine ula\u015ft\u0131rmalar\u0131n\u0131 sa\u011flayan bir e-ticaret platformudur. Yerel i\u015fletmelerin g\u00fc\u00e7lenmesine ve b\u00fcy\u00fcmesine katk\u0131da bulunarak al\u0131\u015fveri\u015f sekt\u00f6r\u00fcne yenilik\u00e7i bir yakla\u015f\u0131m kazand\u0131r\u0131yoruz.<\/p>\n\n\n\n<p><strong>Esnaf Yemek (G\u0131da Sekt\u00f6r\u00fc)<\/strong><\/p>\n\n\n\n<p>G\u0131da sekt\u00f6r\u00fcndeki yerel i\u015fletmelerin dijitalle\u015fmesini destekleyen Esnaf Yemek, restoran, kafe ve g\u0131da tedarik\u00e7ilerini m\u00fc\u015fterilerle bulu\u015fturan bir platformdur. H\u0131zl\u0131, g\u00fcvenilir ve eri\u015filebilir \u00e7\u00f6z\u00fcmlerle hem i\u015fletmelerin hem de m\u00fc\u015fterilerin ihtiya\u00e7lar\u0131n\u0131 kar\u015f\u0131l\u0131yoruz.<\/p>\n\n\n\n<p><strong>Rehberegir (Hizmet Sekt\u00f6r\u00fc)<\/strong><\/p>\n\n\n\n<p>Hizmet sekt\u00f6r\u00fcnde faaliyet g\u00f6steren i\u015fletmelere \u00f6zel olarak geli\u015ftirdi\u011fimiz Rehberegir, firmalar\u0131n g\u00f6r\u00fcn\u00fcrl\u00fcklerini art\u0131rmalar\u0131na, kampanyalar d\u00fczenlemelerine, usta bul alan\u0131nda teklif al\/ver sistemi kullanarak ve m\u00fc\u015fterilere daha h\u0131zl\u0131 ula\u015fmalar\u0131na yard\u0131mc\u0131 olan bir rehber platformudur. \u0130\u015f d\u00fcnyas\u0131 i\u00e7in etkili bir ba\u011flant\u0131 noktas\u0131 olu\u015fturmay\u0131 hedefliyoruz.<\/p>\n\n\n\n<p><strong>Esnaf \u00c7i\u00e7ek (S\u00fcs Bitkileri Sekt\u00f6r\u00fc)<\/strong><\/p>\n\n\n\n<p>S\u00fcs bitkileri sekt\u00f6r\u00fcndeki i\u015fletmeler i\u00e7in \u00f6zel olarak geli\u015ftirdi\u011fimiz Esnaf \u00c7i\u00e7ek, \u00fcreticiler ile m\u00fc\u015fteriler aras\u0131nda bir k\u00f6pr\u00fc g\u00f6revi g\u00f6rmektedir. Sekt\u00f6re yenilik\u00e7i bir yakla\u015f\u0131m sunarak, hem tedarik\u00e7iler hem de al\u0131c\u0131lar i\u00e7in etkili bir \u00e7\u00f6z\u00fcm sa\u011fl\u0131yoruz.<\/p>\n\n\n\n<p>Her sekt\u00f6rde, i\u015fletmelerin dijital d\u00fcnyada g\u00fc\u00e7l\u00fc bir yer edinmelerini sa\u011flayacak yenilik\u00e7i hizmetler sunmaya devam ediyoruz. \u0130\u015fletmenizin ihtiya\u00e7lar\u0131 i\u00e7in bizimle ileti\u015fime ge\u00e7in ve size \u00f6zel \u00e7\u00f6z\u00fcmlerimizle tan\u0131\u015f\u0131n!<\/p>\n","protected":false},"excerpt":{"rendered":"<p>Hizmetlerimiz \u015eirketimiz, farkl\u0131 sekt\u00f6rlerde dijital d\u00f6n\u00fc\u015f\u00fcm sa\u011flayarak i\u015fletmelere de\u011fer katan \u00e7\u00f6z\u00fcmler sunmaktad\u0131r. Faaliyet g\u00f6sterdi\u011fimiz d\u00f6rt ana sekt\u00f6rdeki hizmetlerimiz: Esnaf Pazar (Al\u0131\u015fveri\u015f Sekt\u00f6r\u00fc) Esnaf Pazar, k\u00fc\u00e7\u00fck ve orta \u00f6l\u00e7ekli i\u015fletmelerin \u00fcr\u00fcnlerini dijital ortamda geni\u015f bir m\u00fc\u015fteri kitlesine ula\u015ft\u0131rmalar\u0131n\u0131 sa\u011flayan bir e-ticaret platformudur. Yerel i\u015fletmelerin g\u00fc\u00e7lenmesine ve b\u00fcy\u00fcmesine katk\u0131da bulunarak al\u0131\u015fveri\u015f sekt\u00f6r\u00fcne yenilik\u00e7i bir yakla\u015f\u0131m kazand\u0131r\u0131yoruz. Esnaf [&hellip;]<\/p>\n","protected":false},"author":1,"featured_media":0,"parent":0,"menu_order":0,"comment_status":"closed","ping_status":"closed","template":"","meta":{"footnotes":""},"class_list":["post-61","page","type-page","status-publish","hentry"],"_links":{"self":[{"href":"http:\/\/www.esnafcicek.com\/index.php?rest_route=\/wp\/v2\/pages\/61","targetHints":{"allow":["GET"]}}],"collection":[{"href":"http:\/\/www.esnafcicek.com\/index.php?rest_route=\/wp\/v2\/pages"}],"about":[{"href":"http:\/\/www.esnafcicek.com\/index.php?rest_route=\/wp\/v2\/types\/page"}],"author":[{"embeddable":true,"href":"http:\/\/www.esnafcicek.com\/index.php?rest_route=\/wp\/v2\/users\/1"}],"replies":[{"embeddable":true,"href":"http:\/\/www.esnafcicek.com\/index.php?rest_route=%2Fwp%2Fv2%2Fcomments&post=61"}],"version-history":[{"count":1,"href":"http:\/\/www.esnafcicek.com\/index.php?rest_route=\/wp\/v2\/pages\/61\/revisions"}],"predecessor-version":[{"id":62,"href":"http:\/\/www.esnafcicek.com\/index.php?rest_route=\/wp\/v2\/pages\/61\/revisions\/62"}],"wp:attachment":[{"href":"http:\/\/www.esnafcicek.com\/index.php?rest_route=%2Fwp%2Fv2%2Fmedia&parent=61"}],"curies":[{"name":"wp","href":"https:\/\/api.w.org\/{rel}","templated":true}]}}