{"id":54,"date":"2025-01-21T12:43:09","date_gmt":"2025-01-21T12:43:09","guid":{"rendered":"http:\/\/www.esnafcicek.com\/?page_id=54"},"modified":"2025-01-21T12:43:09","modified_gmt":"2025-01-21T12:43:09","slug":"insan-kaynaklari","status":"publish","type":"page","link":"http:\/\/www.esnafcicek.com\/?page_id=54","title":{"rendered":"\u0130NSAN KAYNAKLARI"},"content":{"rendered":"\n<p><strong>\u0130\u015e\u2019TE E\u015e\u0130TL\u0130K B\u0130LD\u0130RGES\u0130<\/strong><\/p>\n\n\n\n<p>T.C. Aile ve Sosyal Politikalar Bakanl\u0131\u011f\u0131 liderli\u011finde ve D\u00fcnya Ekonomi Forumu i\u015fbirli\u011fi ile toplumsal cinsiyet e\u015fitsizli\u011finin azalt\u0131lmas\u0131 amac\u0131 ile olu\u015fturulmu\u015f en kapsaml\u0131 giri\u015fim olan \u0130\u015f\u2019te E\u015fitlik Platformu\u2019nun haz\u0131rlad\u0131\u011f\u0131 \u201c\u0130\u015f\u2019te E\u015fitlik Bildirgesi, 2013 y\u0131l\u0131nda \u0130MZALANMI\u015eTIR.<\/p>\n\n\n\n<p><strong>Kariyer Geli\u015fim ve Y\u00f6netimi<\/strong><\/p>\n\n\n\n<p>Kurumumuz kendi y\u00f6netici kayna\u011f\u0131n\u0131 yeti\u015ftirmek \u00fczerine odaklanm\u0131\u015ft\u0131r. Bu \u00e7er\u00e7evede yatay veya dikey kurum i\u00e7i ge\u00e7i\u015f \/ terfiler desteklenmektedir.<\/p>\n\n\n\n<p>Kurumuna ve i\u015f arkada\u015flar\u0131na ba\u011fl\u0131l\u0131k, yo\u011fun i\u015f temposunda m\u00fckemmelli\u011fi \u00f6n plana \u00e7\u0131kararak \u00e7al\u0131\u015fabilmek ve yenili\u011fe hizmet eden fikirler \u00fcretebilmek \u00f6ncelikli de\u011ferlendirilen kriterlerdir.<\/p>\n\n\n\n<p>\u0130nsan kayna\u011f\u0131 ihtiyac\u0131m\u0131z, a\u011f\u0131rl\u0131kl\u0131 olarak internet \u00fczerinden yap\u0131lan ba\u015fvurular arac\u0131l\u0131\u011f\u0131yla kar\u015f\u0131lanmaktad\u0131r.<\/p>\n\n\n\n<p>\u0130\u015fe al\u0131m de\u011ferlendirmelerinde, pozisyonun gereklili\u011fine g\u00f6re yetkinlik bazl\u0131 i\u015f g\u00f6r\u00fc\u015fmeleri yap\u0131lmaktad\u0131r.<\/p>\n\n\n\n<p>\u0130\u015fe al\u0131mda aran\u0131lan \u00f6zellikler: Asgari E\u011fitim D\u00fczeyi: G\u00f6rev alaca\u011f\u0131 pozisyona g\u00f6re de\u011fi\u015fmektedir.<\/p>\n\n\n\n<p>\u00c7o\u011funlukla \u00fcniversite mezunu adaylar tercih edilmektedir. Deneyim: Al\u0131nacak g\u00f6reve g\u00f6re de\u011fi\u015fmektedir.<\/p>\n\n\n\n<p>Deneyimli \u00e7al\u0131\u015fan al\u0131mlar\u0131n\u0131n yan\u0131 s\u0131ra yeni mezun deneyimsiz \u00e7al\u0131\u015fan al\u0131mlar\u0131 da ger\u00e7ekle\u015fmektedir.<\/p>\n\n\n\n<p>Sosyal \u00d6zellikler Esnafa Canver E-Ticaret A.\u015f. \u015firket k\u00fclt\u00fcr\u00fcne ve \u00e7al\u0131\u015fan profiline uyum sa\u011flayabilecek adaylar tercih edilmektedir.<\/p>\n","protected":false},"excerpt":{"rendered":"<p>\u0130\u015e\u2019TE E\u015e\u0130TL\u0130K B\u0130LD\u0130RGES\u0130 T.C. Aile ve Sosyal Politikalar Bakanl\u0131\u011f\u0131 liderli\u011finde ve D\u00fcnya Ekonomi Forumu i\u015fbirli\u011fi ile toplumsal cinsiyet e\u015fitsizli\u011finin azalt\u0131lmas\u0131 amac\u0131 ile olu\u015fturulmu\u015f en kapsaml\u0131 giri\u015fim olan \u0130\u015f\u2019te E\u015fitlik Platformu\u2019nun haz\u0131rlad\u0131\u011f\u0131 \u201c\u0130\u015f\u2019te E\u015fitlik Bildirgesi, 2013 y\u0131l\u0131nda \u0130MZALANMI\u015eTIR. Kariyer Geli\u015fim ve Y\u00f6netimi Kurumumuz kendi y\u00f6netici kayna\u011f\u0131n\u0131 yeti\u015ftirmek \u00fczerine odaklanm\u0131\u015ft\u0131r. Bu \u00e7er\u00e7evede yatay veya dikey kurum i\u00e7i [&hellip;]<\/p>\n","protected":false},"author":1,"featured_media":0,"parent":0,"menu_order":0,"comment_status":"closed","ping_status":"closed","template":"","meta":{"footnotes":""},"class_list":["post-54","page","type-page","status-publish","hentry"],"_links":{"self":[{"href":"http:\/\/www.esnafcicek.com\/index.php?rest_route=\/wp\/v2\/pages\/54","targetHints":{"allow":["GET"]}}],"collection":[{"href":"http:\/\/www.esnafcicek.com\/index.php?rest_route=\/wp\/v2\/pages"}],"about":[{"href":"http:\/\/www.esnafcicek.com\/index.php?rest_route=\/wp\/v2\/types\/page"}],"author":[{"embeddable":true,"href":"http:\/\/www.esnafcicek.com\/index.php?rest_route=\/wp\/v2\/users\/1"}],"replies":[{"embeddable":true,"href":"http:\/\/www.esnafcicek.com\/index.php?rest_route=%2Fwp%2Fv2%2Fcomments&post=54"}],"version-history":[{"count":1,"href":"http:\/\/www.esnafcicek.com\/index.php?rest_route=\/wp\/v2\/pages\/54\/revisions"}],"predecessor-version":[{"id":55,"href":"http:\/\/www.esnafcicek.com\/index.php?rest_route=\/wp\/v2\/pages\/54\/revisions\/55"}],"wp:attachment":[{"href":"http:\/\/www.esnafcicek.com\/index.php?rest_route=%2Fwp%2Fv2%2Fmedia&parent=54"}],"curies":[{"name":"wp","href":"https:\/\/api.w.org\/{rel}","templated":true}]}}