{"id":52,"date":"2025-01-21T12:42:20","date_gmt":"2025-01-21T12:42:20","guid":{"rendered":"http:\/\/www.esnafcicek.com\/?page_id=52"},"modified":"2025-01-21T12:42:20","modified_gmt":"2025-01-21T12:42:20","slug":"kurucumuzun-mesaji","status":"publish","type":"page","link":"http:\/\/www.esnafcicek.com\/?page_id=52","title":{"rendered":"Kurucumuzun Mesaj\u0131"},"content":{"rendered":"\n<p>De\u011ferli \u0130\u015f Ortaklar\u0131m\u0131z,<\/p>\n\n\n\n<p>2019 y\u0131l\u0131nda \u00e7\u0131kt\u0131\u011f\u0131m\u0131z bu yolculukta, T\u00fcrkiye\u2019nin her k\u00f6\u015fesini ad\u0131m ad\u0131m dola\u015farak, i\u015fletmelerin ve bireylerin ihtiya\u00e7lar\u0131n\u0131 yerinde g\u00f6rme ve anlama f\u0131rsat\u0131 bulduk. 3200 i\u015fletme ve 68.000 ki\u015fiyle birebir temas kurarak, i\u015f d\u00fcnyas\u0131n\u0131n dijitalle\u015fme s\u00fcrecinde hangi ad\u0131mlar\u0131n at\u0131lmas\u0131 gerekti\u011fini detayl\u0131 bir \u015fekilde analiz ettik.<\/p>\n\n\n\n<p>Bu s\u00fcre\u00e7te esnaf odalar\u0131, siyasi partiler, belediye ba\u015fkanlar\u0131 ve esnaf te\u015fkilatlar\u0131 ile \u00f6nemli g\u00f6r\u00fc\u015fmeler ger\u00e7ekle\u015ftirdik. Elde etti\u011fimiz bilgiler \u0131\u015f\u0131\u011f\u0131nda kapsaml\u0131 raporlar haz\u0131rlad\u0131k ve bu raporlarla i\u015fletmelerin dijital d\u00f6n\u00fc\u015f\u00fcm\u00fcne rehberlik edecek sistemleri planlad\u0131k.<\/p>\n\n\n\n<p>T\u00fcm bu \u00e7al\u0131\u015fmalar\u0131m\u0131z\u0131 daha sa\u011flam bir zemine oturtmak i\u00e7in 22 Ekim 2022 tarihinde resmi olarak \u015firketimizi kurduk. Bug\u00fcn, hem \u00fclkemizde hem de uluslararas\u0131 arenada, k\u00fc\u00e7\u00fck ve orta \u00f6l\u00e7ekli i\u015fletmelerin dijital d\u00f6n\u00fc\u015f\u00fcm s\u00fcre\u00e7lerinde yanlar\u0131nda olmaktan b\u00fcy\u00fck bir mutluluk ve gurur duyuyoruz.<\/p>\n\n\n\n<p>Amac\u0131m\u0131z, teknolojiyle insan\u0131 bulu\u015fturan yenilik\u00e7i \u00e7\u00f6z\u00fcmler sunarak i\u015fletmelerin potansiyelini en \u00fcst d\u00fczeye ta\u015f\u0131mak. Bu yolculu\u011fun bir par\u00e7as\u0131 olan herkese te\u015fekk\u00fcr ediyor ve birlikte daha b\u00fcy\u00fck ba\u015far\u0131lara imza atmay\u0131 diliyorum.<\/p>\n\n\n\n<p>Sayg\u0131lar\u0131mla,<\/p>\n\n\n\n<p><strong>Y<\/strong><strong>\u00f6<\/strong><strong>netim Kurulu Ba\u015fkan\u0131<br>Ya\u015far YEN\u0130KALE<\/strong><strong><\/strong><\/p>\n","protected":false},"excerpt":{"rendered":"<p>De\u011ferli \u0130\u015f Ortaklar\u0131m\u0131z, 2019 y\u0131l\u0131nda \u00e7\u0131kt\u0131\u011f\u0131m\u0131z bu yolculukta, T\u00fcrkiye\u2019nin her k\u00f6\u015fesini ad\u0131m ad\u0131m dola\u015farak, i\u015fletmelerin ve bireylerin ihtiya\u00e7lar\u0131n\u0131 yerinde g\u00f6rme ve anlama f\u0131rsat\u0131 bulduk. 3200 i\u015fletme ve 68.000 ki\u015fiyle birebir temas kurarak, i\u015f d\u00fcnyas\u0131n\u0131n dijitalle\u015fme s\u00fcrecinde hangi ad\u0131mlar\u0131n at\u0131lmas\u0131 gerekti\u011fini detayl\u0131 bir \u015fekilde analiz ettik. Bu s\u00fcre\u00e7te esnaf odalar\u0131, siyasi partiler, belediye ba\u015fkanlar\u0131 ve esnaf [&hellip;]<\/p>\n","protected":false},"author":1,"featured_media":0,"parent":0,"menu_order":0,"comment_status":"closed","ping_status":"closed","template":"","meta":{"footnotes":""},"class_list":["post-52","page","type-page","status-publish","hentry"],"_links":{"self":[{"href":"http:\/\/www.esnafcicek.com\/index.php?rest_route=\/wp\/v2\/pages\/52","targetHints":{"allow":["GET"]}}],"collection":[{"href":"http:\/\/www.esnafcicek.com\/index.php?rest_route=\/wp\/v2\/pages"}],"about":[{"href":"http:\/\/www.esnafcicek.com\/index.php?rest_route=\/wp\/v2\/types\/page"}],"author":[{"embeddable":true,"href":"http:\/\/www.esnafcicek.com\/index.php?rest_route=\/wp\/v2\/users\/1"}],"replies":[{"embeddable":true,"href":"http:\/\/www.esnafcicek.com\/index.php?rest_route=%2Fwp%2Fv2%2Fcomments&post=52"}],"version-history":[{"count":1,"href":"http:\/\/www.esnafcicek.com\/index.php?rest_route=\/wp\/v2\/pages\/52\/revisions"}],"predecessor-version":[{"id":53,"href":"http:\/\/www.esnafcicek.com\/index.php?rest_route=\/wp\/v2\/pages\/52\/revisions\/53"}],"wp:attachment":[{"href":"http:\/\/www.esnafcicek.com\/index.php?rest_route=%2Fwp%2Fv2%2Fmedia&parent=52"}],"curies":[{"name":"wp","href":"https:\/\/api.w.org\/{rel}","templated":true}]}}