{"id":48,"date":"2025-01-21T12:40:28","date_gmt":"2025-01-21T12:40:28","guid":{"rendered":"http:\/\/www.esnafcicek.com\/?page_id=48"},"modified":"2025-01-21T12:40:28","modified_gmt":"2025-01-21T12:40:28","slug":"bizim-hikayemiz","status":"publish","type":"page","link":"http:\/\/www.esnafcicek.com\/?page_id=48","title":{"rendered":"Bizim Hikayemiz"},"content":{"rendered":"\n<p>2019 y\u0131l\u0131nda b\u00fcy\u00fck bir hedefle yola \u00e7\u0131kt\u0131k: T\u00fcrkiye\u2019nin d\u00f6rt bir yan\u0131ndaki i\u015fletmeleri ve insanlar\u0131 daha iyi anlamak, onlar\u0131n ihtiya\u00e7lar\u0131n\u0131 analiz etmek ve gelece\u011fe y\u00f6nelik \u00e7\u00f6z\u00fcmler \u00fcretmek i\u00e7in elimizi ta\u015f\u0131n alt\u0131na koyduk. Bu ama\u00e7la sokak sokak dola\u015farak 3200 i\u015fletme ve 68.000 ki\u015fi ile birebir temas kurduk, onlar\u0131n sesini dinledik.<br>\u00c7al\u0131\u015fmalar\u0131m\u0131z yaln\u0131zca bireylerle s\u0131n\u0131rl\u0131 kalmad\u0131. Siyasi partiler, kent konseyleri, Sivil toplum kurulu\u015flar\u0131, belediye ba\u015fkanlar\u0131 ve esnaf te\u015fkilatlar\u0131yla kapsaml\u0131 g\u00f6r\u00fc\u015fmeler ger\u00e7ekle\u015ftirdik. Toplad\u0131\u011f\u0131m\u0131z bilgileri detayl\u0131 analizlerden ge\u00e7irerek raporlar olu\u015fturduk ve bu raporlarla kurulmas\u0131 gereken sistemleri ad\u0131m ad\u0131m planlad\u0131k.<br>Bu s\u00fcre\u00e7te, toplulu\u011fumuzla g\u00fc\u00e7l\u00fc bir ba\u011f kurmak i\u00e7in YouTube kanal\u0131m\u0131z \u00fczerinden bant ve canl\u0131 yay\u0131nlar yapt\u0131k. Bu yay\u0131nlar hem bilgi payla\u015f\u0131m\u0131n\u0131 art\u0131rd\u0131 hem de i\u015fletmelerin d\u00f6n\u00fc\u015f\u00fcm s\u00fcre\u00e7lerine \u0131\u015f\u0131k tuttu.<br>Elde etti\u011fimiz t\u00fcm bilgiler ve olu\u015fturdu\u011fumuz hedeflerle, y\u0131llar s\u00fcren bu eme\u011fimizi resmi bir yap\u0131ya d\u00f6n\u00fc\u015ft\u00fcrmeye karar verdik. 22 Ekim 2022 tarihinde \u015firketimizi kurarak, k\u00fc\u00e7\u00fck ve orta \u00f6l\u00e7ekli i\u015fletmelere dijital d\u00f6n\u00fc\u015f\u00fcm alan\u0131nda rehberlik etmek i\u00e7in profesyonel bir yap\u0131 olu\u015fturduk.<br>Bug\u00fcn, sahip oldu\u011fumuz bilgi birikimi ve tecr\u00fcbe ile i\u015fletmelerin dijital d\u00fcnyada b\u00fcy\u00fcmelerine katk\u0131 sa\u011flamak i\u00e7in \u00e7al\u0131\u015f\u0131yoruz. Bu yolculu\u011fa ortak olmak isteyen herkesi bizimle i\u015f birli\u011fi yapmaya davet ediyoruz!<\/p>\n","protected":false},"excerpt":{"rendered":"<p>2019 y\u0131l\u0131nda b\u00fcy\u00fck bir hedefle yola \u00e7\u0131kt\u0131k: T\u00fcrkiye\u2019nin d\u00f6rt bir yan\u0131ndaki i\u015fletmeleri ve insanlar\u0131 daha iyi anlamak, onlar\u0131n ihtiya\u00e7lar\u0131n\u0131 analiz etmek ve gelece\u011fe y\u00f6nelik \u00e7\u00f6z\u00fcmler \u00fcretmek i\u00e7in elimizi ta\u015f\u0131n alt\u0131na koyduk. Bu ama\u00e7la sokak sokak dola\u015farak 3200 i\u015fletme ve 68.000 ki\u015fi ile birebir temas kurduk, onlar\u0131n sesini dinledik.\u00c7al\u0131\u015fmalar\u0131m\u0131z yaln\u0131zca bireylerle s\u0131n\u0131rl\u0131 kalmad\u0131. Siyasi partiler, kent [&hellip;]<\/p>\n","protected":false},"author":1,"featured_media":0,"parent":0,"menu_order":0,"comment_status":"closed","ping_status":"closed","template":"","meta":{"footnotes":""},"class_list":["post-48","page","type-page","status-publish","hentry"],"_links":{"self":[{"href":"http:\/\/www.esnafcicek.com\/index.php?rest_route=\/wp\/v2\/pages\/48","targetHints":{"allow":["GET"]}}],"collection":[{"href":"http:\/\/www.esnafcicek.com\/index.php?rest_route=\/wp\/v2\/pages"}],"about":[{"href":"http:\/\/www.esnafcicek.com\/index.php?rest_route=\/wp\/v2\/types\/page"}],"author":[{"embeddable":true,"href":"http:\/\/www.esnafcicek.com\/index.php?rest_route=\/wp\/v2\/users\/1"}],"replies":[{"embeddable":true,"href":"http:\/\/www.esnafcicek.com\/index.php?rest_route=%2Fwp%2Fv2%2Fcomments&post=48"}],"version-history":[{"count":1,"href":"http:\/\/www.esnafcicek.com\/index.php?rest_route=\/wp\/v2\/pages\/48\/revisions"}],"predecessor-version":[{"id":49,"href":"http:\/\/www.esnafcicek.com\/index.php?rest_route=\/wp\/v2\/pages\/48\/revisions\/49"}],"wp:attachment":[{"href":"http:\/\/www.esnafcicek.com\/index.php?rest_route=%2Fwp%2Fv2%2Fmedia&parent=48"}],"curies":[{"name":"wp","href":"https:\/\/api.w.org\/{rel}","templated":true}]}}