{"id":40,"date":"2025-01-21T12:35:20","date_gmt":"2025-01-21T12:35:20","guid":{"rendered":"http:\/\/www.esnafcicek.com\/?page_id=40"},"modified":"2025-01-21T13:12:58","modified_gmt":"2025-01-21T13:12:58","slug":"hakkimizda","status":"publish","type":"page","link":"http:\/\/www.esnafcicek.com\/?page_id=40","title":{"rendered":"Hakk\u0131m\u0131zda"},"content":{"rendered":"\n<p>Biz, dijitalle\u015fmenin g\u00fcc\u00fcn\u00fc k\u00fc\u00e7\u00fck ve orta \u00f6l\u00e7ekli i\u015fletmelerle bulu\u015fturmak i\u00e7in yola \u00e7\u0131km\u0131\u015f yenilik\u00e7i bir \u015firketiz. Amac\u0131m\u0131z, hem T\u00fcrkiye&#8217;de hem de d\u00fcnya genelinde i\u015fletmelerin dijital d\u00f6n\u00fc\u015f\u00fcm s\u00fcre\u00e7lerini kolayla\u015ft\u0131rarak, onlar\u0131n rekabet g\u00fcc\u00fcn\u00fc art\u0131rmak ve modern i\u015f d\u00fcnyas\u0131nda fark yaratmalar\u0131n\u0131 sa\u011flamakt\u0131r.<br>M\u00fc\u015fterilerimizin i\u015f hedeflerine ula\u015fmalar\u0131 i\u00e7in inovatif \u00e7\u00f6z\u00fcmler sunuyor, teknolojiyi herkes i\u00e7in eri\u015filebilir ve etkili hale getiriyoruz. Uzman ekibimiz, i\u015fletmelerin ihtiya\u00e7lar\u0131na \u00f6zel yaz\u0131l\u0131m, tasar\u0131m, dijital pazarlama ve s\u00fcre\u00e7 y\u00f6netimi hizmetleriyle onlar\u0131n yan\u0131nda olmaktan gurur duyuyor.<br>Bizimle \u00e7al\u0131\u015farak, i\u015fletmenizin potansiyelini en \u00fcst seviyeye ta\u015f\u0131yabilir ve dijital d\u00fcnyada g\u00fc\u00e7l\u00fc bir yer edinebilirsiniz.<br>Dijital d\u00f6n\u00fc\u015f\u00fcm\u00fc ba\u015flatmak ve gelece\u011fi bug\u00fcnden in\u015fa etmek i\u00e7in buraday\u0131z. Gelin, birlikte bir ad\u0131m \u00f6nde olun!<\/p>\n\n\n\n<p><strong>Vizyonumuz<\/strong><br>Dijital d\u00f6n\u00fc\u015f\u00fcmde \u00f6nc\u00fc bir rol \u00fcstlenerek, k\u00fc\u00e7\u00fck ve orta \u00f6l\u00e7ekli i\u015fletmelerin k\u00fcresel rekabette g\u00fc\u00e7l\u00fc birer akt\u00f6r haline gelmesini sa\u011flamak. Teknolojiyi eri\u015filebilir, etkili ve s\u00fcrd\u00fcr\u00fclebilir \u00e7\u00f6z\u00fcmlerle bulu\u015fturarak, i\u015fletmelerin potansiyelini en \u00fcst seviyeye ta\u015f\u0131may\u0131 hedefliyoruz.<br>Hedefimiz, sadece hizmet sundu\u011fumuz i\u015fletmelerin de\u011fil, dokundu\u011fumuz her sekt\u00f6r\u00fcn dijitalle\u015fme yolculu\u011funa de\u011fer katmak. Yenilik\u00e7i yakla\u015f\u0131m\u0131m\u0131z, insan odakl\u0131 \u00e7\u00f6z\u00fcmlerimiz ve i\u015f birli\u011fine dayal\u0131 vizyonumuzla gelece\u011fi bug\u00fcnden in\u015fa ediyoruz.<\/p>\n\n\n\n<p><strong>Misyonumuz<\/strong><br>K\u00fc\u00e7\u00fck ve orta \u00f6l\u00e7ekli i\u015fletmelerin dijital d\u00fcnyadaki yerini g\u00fc\u00e7lendirmek i\u00e7in yenilik\u00e7i ve s\u00fcrd\u00fcr\u00fclebilir \u00e7\u00f6z\u00fcmler sunmak. \u0130\u015fletmelerin ihtiya\u00e7lar\u0131na \u00f6zel olarak tasarlanm\u0131\u015f stratejiler ve teknolojilerle, dijital d\u00f6n\u00fc\u015f\u00fcm s\u00fcre\u00e7lerini kolayla\u015ft\u0131rmak ve eri\u015filebilir hale getirmek.<br>Amac\u0131m\u0131z, i\u015f ortaklar\u0131m\u0131z\u0131n sadece bug\u00fcn de\u011fil, gelecekte de ba\u015far\u0131l\u0131 olmalar\u0131n\u0131 sa\u011flamak i\u00e7in s\u00fcrekli geli\u015fen, m\u00fc\u015fteri odakl\u0131 ve de\u011fer \u00fcreten bir yakla\u015f\u0131m sunmakt\u0131r. \u0130\u015f d\u00fcnyas\u0131n\u0131n dinamiklerine uyum sa\u011flarken, teknoloji ile insan aras\u0131nda g\u00fc\u00e7l\u00fc bir k\u00f6pr\u00fc kuruyoruz.<\/p>\n","protected":false},"excerpt":{"rendered":"<p>Biz, dijitalle\u015fmenin g\u00fcc\u00fcn\u00fc k\u00fc\u00e7\u00fck ve orta \u00f6l\u00e7ekli i\u015fletmelerle bulu\u015fturmak i\u00e7in yola \u00e7\u0131km\u0131\u015f yenilik\u00e7i bir \u015firketiz. Amac\u0131m\u0131z, hem T\u00fcrkiye&#8217;de hem de d\u00fcnya genelinde i\u015fletmelerin dijital d\u00f6n\u00fc\u015f\u00fcm s\u00fcre\u00e7lerini kolayla\u015ft\u0131rarak, onlar\u0131n rekabet g\u00fcc\u00fcn\u00fc art\u0131rmak ve modern i\u015f d\u00fcnyas\u0131nda fark yaratmalar\u0131n\u0131 sa\u011flamakt\u0131r.M\u00fc\u015fterilerimizin i\u015f hedeflerine ula\u015fmalar\u0131 i\u00e7in inovatif \u00e7\u00f6z\u00fcmler sunuyor, teknolojiyi herkes i\u00e7in eri\u015filebilir ve etkili hale getiriyoruz. Uzman ekibimiz, [&hellip;]<\/p>\n","protected":false},"author":1,"featured_media":0,"parent":0,"menu_order":0,"comment_status":"closed","ping_status":"closed","template":"","meta":{"footnotes":""},"class_list":["post-40","page","type-page","status-publish","hentry"],"_links":{"self":[{"href":"http:\/\/www.esnafcicek.com\/index.php?rest_route=\/wp\/v2\/pages\/40","targetHints":{"allow":["GET"]}}],"collection":[{"href":"http:\/\/www.esnafcicek.com\/index.php?rest_route=\/wp\/v2\/pages"}],"about":[{"href":"http:\/\/www.esnafcicek.com\/index.php?rest_route=\/wp\/v2\/types\/page"}],"author":[{"embeddable":true,"href":"http:\/\/www.esnafcicek.com\/index.php?rest_route=\/wp\/v2\/users\/1"}],"replies":[{"embeddable":true,"href":"http:\/\/www.esnafcicek.com\/index.php?rest_route=%2Fwp%2Fv2%2Fcomments&post=40"}],"version-history":[{"count":2,"href":"http:\/\/www.esnafcicek.com\/index.php?rest_route=\/wp\/v2\/pages\/40\/revisions"}],"predecessor-version":[{"id":60,"href":"http:\/\/www.esnafcicek.com\/index.php?rest_route=\/wp\/v2\/pages\/40\/revisions\/60"}],"wp:attachment":[{"href":"http:\/\/www.esnafcicek.com\/index.php?rest_route=%2Fwp%2Fv2%2Fmedia&parent=40"}],"curies":[{"name":"wp","href":"https:\/\/api.w.org\/{rel}","templated":true}]}}